{"id":12,"date":"2013-01-07T13:44:26","date_gmt":"2013-01-07T12:44:26","guid":{"rendered":"http:\/\/freieradikale-hannover.de\/carwash\/?page_id=8"},"modified":"2024-11-19T12:06:35","modified_gmt":"2024-11-19T11:06:35","slug":"kontakt","status":"publish","type":"page","link":"https:\/\/carwashburgdorf.de\/?page_id=12","title":{"rendered":"Unsere Leistungen"},"content":{"rendered":"<p>&nbsp;<\/p>\n<p><strong><strong>\u00d6<\/strong>ffnungszeiten:<\/strong><br \/>\nMontag bis Freitag von 8 Uhr bis 18 Uhr<br \/>\nSamstags von 8 Uhr bis 18 Uhr<\/p>\n<p><strong style=\"line-height: 1.714285714; font-size: 1rem;\">#1: Premiumw\u00e4sche &#8211; 16,50<strong> \u20ac<\/strong><\/strong><\/p>\n<p>&#8211; manuelle\u00a0Vorw\u00e4sche<br \/>\n&#8211; Felgenreinigung<br \/>\n&#8211; Schaumw\u00e4sche mit Textilmaterial<br \/>\n&#8211; Unterbodenw\u00e4sche<br \/>\n&#8211; Spezial Glanzwachs<br \/>\n&#8211; 3-fach Trocknung<\/p>\n<p><strong>#2: Lackpflege &#8211; 12,50 \u20ac<br \/>\n<\/strong>&#8211; manuelle Vorw\u00e4sche<br \/>\n&#8211; Felgenreinigung<br \/>\n&#8211; Schaumw\u00e4sche mit Textilmaterial<br \/>\n&#8211; Schaumwachs<br \/>\n&#8211; 3-fach Trocknung<strong><br \/>\n<\/strong><\/p>\n<p><strong>#2s: Lackpflege Special &#8211; 13,50 \u20ac<br \/>\n<\/strong>wie #2, zus\u00e4tzlich:<br \/>\n&#8211; Nanowachs<strong><br \/>\n<\/strong><\/p>\n<p><strong>#3: Schaumw\u00e4sche &#8211; 11,50 \u20ac<br \/>\n<\/strong>&#8211; manuelle Vorw\u00e4sche<br \/>\n&#8211; Felgenreinigung<br \/>\n&#8211; Schaumw\u00e4sche mit Textilmaterial<br \/>\n&#8211; 3-fach Trocknung<\/p>\n","protected":false},"excerpt":{"rendered":"<p>&nbsp; \u00d6ffnungszeiten: Montag bis Freitag von 8 Uhr bis 18 Uhr Samstags von 8 Uhr bis 18 Uhr #1: Premiumw\u00e4sche &#8211; 16,50 \u20ac &#8211; manuelle\u00a0Vorw\u00e4sche &#8211; Felgenreinigung &#8211; Schaumw\u00e4sche mit Textilmaterial &#8211; Unterbodenw\u00e4sche &#8211; Spezial Glanzwachs &#8211; 3-fach Trocknung #2: Lackpflege &#8211; 12,50 \u20ac &#8211; manuelle Vorw\u00e4sche &#8211; Felgenreinigung &#8211; Schaumw\u00e4sche mit Textilmaterial &#8211; Schaumwachs [&hellip;]<\/p>\n","protected":false},"author":2,"featured_media":0,"parent":0,"menu_order":3,"comment_status":"closed","ping_status":"closed","template":"","meta":{"footnotes":""},"class_list":["post-12","page","type-page","status-publish","hentry"],"_links":{"self":[{"href":"https:\/\/carwashburgdorf.de\/index.php?rest_route=\/wp\/v2\/pages\/12","targetHints":{"allow":["GET"]}}],"collection":[{"href":"https:\/\/carwashburgdorf.de\/index.php?rest_route=\/wp\/v2\/pages"}],"about":[{"href":"https:\/\/carwashburgdorf.de\/index.php?rest_route=\/wp\/v2\/types\/page"}],"author":[{"embeddable":true,"href":"https:\/\/carwashburgdorf.de\/index.php?rest_route=\/wp\/v2\/users\/2"}],"replies":[{"embeddable":true,"href":"https:\/\/carwashburgdorf.de\/index.php?rest_route=%2Fwp%2Fv2%2Fcomments&post=12"}],"version-history":[{"count":12,"href":"https:\/\/carwashburgdorf.de\/index.php?rest_route=\/wp\/v2\/pages\/12\/revisions"}],"predecessor-version":[{"id":181,"href":"https:\/\/carwashburgdorf.de\/index.php?rest_route=\/wp\/v2\/pages\/12\/revisions\/181"}],"wp:attachment":[{"href":"https:\/\/carwashburgdorf.de\/index.php?rest_route=%2Fwp%2Fv2%2Fmedia&parent=12"}],"curies":[{"name":"wp","href":"https:\/\/api.w.org\/{rel}","templated":true}]}}