{"id":8,"date":"2013-01-07T11:01:06","date_gmt":"2013-01-07T10:01:06","guid":{"rendered":"http:\/\/freieradikale-hannover.de\/carwash\/?page_id=2"},"modified":"2023-10-12T12:26:07","modified_gmt":"2023-10-12T11:26:07","slug":"sample-page-2","status":"publish","type":"page","link":"https:\/\/carwashburgdorf.de\/?page_id=8","title":{"rendered":"Impressum"},"content":{"rendered":"<p><strong>Carwash Burgdorf<\/strong><br \/>\nMaria Nemes<br \/>\nRaiffeisenstr. 8<br \/>\n31303 Burgdorf<\/p>\n<p>Tel. 05136 \/ 800 93 29<br \/>\nmaria.nemes@outlook.de<\/p>\n<p><strong><strong>\u00d6<\/strong>ffnungszeiten:<\/strong><br \/>\nMontag bis Samstag von 8 Uhr bis 18 Uhr<\/p>\n<p>Datenschutzerkl\u00e4rung hier klicken: <a href=\"http:\/\/carwashburgdorf.de\/?page_id=120\">Datenschutzerkl\u00e4rung<\/a><\/p>\n<p>Haftungsausschluss hier klicken: <a href=\"http:\/\/www.disclaimer.de\/disclaimer.htm?farbe=FFFFFF\/000000\/000000\/000000\"><img loading=\"lazy\" decoding=\"async\" src=\"http:\/\/www.disclaimer.de\/images\/d_aniwhite.gif\" alt=\"disclaimer\" width=\"84\" height=\"20\" border=\"0\" \/><\/a><\/p>\n","protected":false},"excerpt":{"rendered":"<p>Carwash Burgdorf Maria Nemes Raiffeisenstr. 8 31303 Burgdorf Tel. 05136 \/ 800 93 29 maria.nemes@outlook.de \u00d6ffnungszeiten: Montag bis Samstag von 8 Uhr bis 18 Uhr Datenschutzerkl\u00e4rung hier klicken: Datenschutzerkl\u00e4rung Haftungsausschluss hier klicken:<\/p>\n","protected":false},"author":4,"featured_media":0,"parent":0,"menu_order":6,"comment_status":"closed","ping_status":"closed","template":"","meta":{"footnotes":""},"class_list":["post-8","page","type-page","status-publish","hentry"],"_links":{"self":[{"href":"https:\/\/carwashburgdorf.de\/index.php?rest_route=\/wp\/v2\/pages\/8","targetHints":{"allow":["GET"]}}],"collection":[{"href":"https:\/\/carwashburgdorf.de\/index.php?rest_route=\/wp\/v2\/pages"}],"about":[{"href":"https:\/\/carwashburgdorf.de\/index.php?rest_route=\/wp\/v2\/types\/page"}],"author":[{"embeddable":true,"href":"https:\/\/carwashburgdorf.de\/index.php?rest_route=\/wp\/v2\/users\/4"}],"replies":[{"embeddable":true,"href":"https:\/\/carwashburgdorf.de\/index.php?rest_route=%2Fwp%2Fv2%2Fcomments&post=8"}],"version-history":[{"count":12,"href":"https:\/\/carwashburgdorf.de\/index.php?rest_route=\/wp\/v2\/pages\/8\/revisions"}],"predecessor-version":[{"id":172,"href":"https:\/\/carwashburgdorf.de\/index.php?rest_route=\/wp\/v2\/pages\/8\/revisions\/172"}],"wp:attachment":[{"href":"https:\/\/carwashburgdorf.de\/index.php?rest_route=%2Fwp%2Fv2%2Fmedia&parent=8"}],"curies":[{"name":"wp","href":"https:\/\/api.w.org\/{rel}","templated":true}]}}